{"id":38,"date":"2017-09-13T22:56:15","date_gmt":"2017-09-13T20:56:15","guid":{"rendered":"http:\/\/lesbaltringuesdelagrimpe.com\/?page_id=38"},"modified":"2023-12-05T20:21:23","modified_gmt":"2023-12-05T19:21:23","slug":"a-propos","status":"publish","type":"page","link":"https:\/\/lesbaltringuesdelagrimpe.com\/en\/a-propos\/","title":{"rendered":"\u00c0 propos"},"content":{"rendered":"<p><img loading=\"lazy\" decoding=\"async\" class=\" wp-image-40 alignleft\" src=\"http:\/\/lesbaltringuesdelagrimpe.com\/wp-content\/uploads\/2017\/09\/jerome.jpg\" alt=\"\" width=\"205\" height=\"268\" srcset=\"https:\/\/lesbaltringuesdelagrimpe.com\/wp-content\/uploads\/2017\/09\/jerome.jpg 414w, https:\/\/lesbaltringuesdelagrimpe.com\/wp-content\/uploads\/2017\/09\/jerome-400x524.jpg 400w, https:\/\/lesbaltringuesdelagrimpe.com\/wp-content\/uploads\/2017\/09\/jerome-229x300.jpg 229w\" sizes=\"auto, (max-width: 205px) 85vw, 205px\" \/>Apr\u00e8s plus de 20 ans \u00e0 me raper les genoux sur les rochers de France et de Navarre, j&#8217;ai d\u00e9cid\u00e9 de gratter le papier avec ce qui me reste de phalanges. N\u00e9anmoins, toute ressemblance avec des personnages ou des faits ayant exist\u00e9 ne serait qu&#8217;une fortuite et malheureuse co\u00efncidence.<\/p>\n<p>MkZ*<\/p>\n<p>&nbsp;<\/p>","protected":false},"excerpt":{"rendered":"<p>Apr\u00e8s plus de 20 ans \u00e0 me raper les genoux sur les rochers de France et de Navarre, j&#8217;ai d\u00e9cid\u00e9 de gratter le papier avec ce qui me reste de phalanges. N\u00e9anmoins, toute ressemblance avec des personnages ou des faits ayant exist\u00e9 ne serait qu&#8217;une fortuite et malheureuse co\u00efncidence. MkZ* &nbsp;<\/p>\n","protected":false},"author":1,"featured_media":0,"parent":0,"menu_order":0,"comment_status":"closed","ping_status":"closed","template":"","meta":{"_exactmetrics_skip_tracking":false,"_exactmetrics_sitenote_active":false,"_exactmetrics_sitenote_note":"","_exactmetrics_sitenote_category":0,"footnotes":""},"class_list":["post-38","page","type-page","status-publish","hentry"],"post_mailing_queue_ids":[],"_links":{"self":[{"href":"https:\/\/lesbaltringuesdelagrimpe.com\/en\/wp-json\/wp\/v2\/pages\/38","targetHints":{"allow":["GET"]}}],"collection":[{"href":"https:\/\/lesbaltringuesdelagrimpe.com\/en\/wp-json\/wp\/v2\/pages"}],"about":[{"href":"https:\/\/lesbaltringuesdelagrimpe.com\/en\/wp-json\/wp\/v2\/types\/page"}],"author":[{"embeddable":true,"href":"https:\/\/lesbaltringuesdelagrimpe.com\/en\/wp-json\/wp\/v2\/users\/1"}],"replies":[{"embeddable":true,"href":"https:\/\/lesbaltringuesdelagrimpe.com\/en\/wp-json\/wp\/v2\/comments?post=38"}],"version-history":[{"count":6,"href":"https:\/\/lesbaltringuesdelagrimpe.com\/en\/wp-json\/wp\/v2\/pages\/38\/revisions"}],"predecessor-version":[{"id":243,"href":"https:\/\/lesbaltringuesdelagrimpe.com\/en\/wp-json\/wp\/v2\/pages\/38\/revisions\/243"}],"wp:attachment":[{"href":"https:\/\/lesbaltringuesdelagrimpe.com\/en\/wp-json\/wp\/v2\/media?parent=38"}],"curies":[{"name":"wp","href":"https:\/\/api.w.org\/{rel}","templated":true}]}}