{"id":2370,"date":"2025-01-19T23:54:06","date_gmt":"2025-01-19T22:54:06","guid":{"rendered":"https:\/\/lesbaltringuesdelagrimpe.com\/?post_type=product&#038;p=2370"},"modified":"2025-01-25T12:07:48","modified_gmt":"2025-01-25T11:07:48","slug":"depart-assis","status":"publish","type":"product","link":"https:\/\/lesbaltringuesdelagrimpe.com\/en\/produit\/depart-assis\/","title":{"rendered":"(Fran\u00e7ais) Le d\u00e9part assis"},"content":{"rendered":"<p class=\"qtranxs-available-languages-message qtranxs-available-languages-message-en\">Sorry, this entry is only available in <a href=\"https:\/\/lesbaltringuesdelagrimpe.com\/fr\/wp-json\/wp\/v2\/product\/2370\" class=\"qtranxs-available-language-link qtranxs-available-language-link-fr\" title=\"Fran\u00e7ais\">Fran\u00e7ais<\/a>. For the sake of viewer convenience, the content is shown below in the alternative language. You may click the link to switch the active language.<\/p><p>Tirage A4 limit\u00e9 10ex sur Velin 300g. Num\u00e9rot\u00e9 sign\u00e9.<\/p>","protected":false},"excerpt":{"rendered":"<p class=\"qtranxs-available-languages-message qtranxs-available-languages-message-en\">Sorry, this entry is only available in <a href=\"https:\/\/lesbaltringuesdelagrimpe.com\/fr\/wp-json\/wp\/v2\/product\/2370\" class=\"qtranxs-available-language-link qtranxs-available-language-link-fr\" title=\"Fran\u00e7ais\">Fran\u00e7ais<\/a>. For the sake of viewer convenience, the content is shown below in the alternative language. You may click the link to switch the active language.<\/p>\n<p>Tirage A4 limit\u00e9 10ex sur Velin 300g. Num\u00e9rot\u00e9 sign\u00e9.<\/p>\n","protected":false},"featured_media":2371,"template":"","meta":{"_exactmetrics_skip_tracking":false,"_exactmetrics_sitenote_active":false,"_exactmetrics_sitenote_note":"","_exactmetrics_sitenote_category":0},"product_brand":[],"product_cat":[41],"product_tag":[],"class_list":{"0":"post-2370","1":"product","2":"type-product","3":"status-publish","4":"has-post-thumbnail","6":"product_cat-tirages-signes","7":"product_shipping_class-lettre-50g","9":"first","10":"instock","11":"shipping-taxable","12":"purchasable","13":"product-type-simple"},"post_mailing_queue_ids":[],"_links":{"self":[{"href":"https:\/\/lesbaltringuesdelagrimpe.com\/en\/wp-json\/wp\/v2\/product\/2370","targetHints":{"allow":["GET"]}}],"collection":[{"href":"https:\/\/lesbaltringuesdelagrimpe.com\/en\/wp-json\/wp\/v2\/product"}],"about":[{"href":"https:\/\/lesbaltringuesdelagrimpe.com\/en\/wp-json\/wp\/v2\/types\/product"}],"wp:featuredmedia":[{"embeddable":true,"href":"https:\/\/lesbaltringuesdelagrimpe.com\/en\/wp-json\/wp\/v2\/media\/2371"}],"wp:attachment":[{"href":"https:\/\/lesbaltringuesdelagrimpe.com\/en\/wp-json\/wp\/v2\/media?parent=2370"}],"wp:term":[{"taxonomy":"product_brand","embeddable":true,"href":"https:\/\/lesbaltringuesdelagrimpe.com\/en\/wp-json\/wp\/v2\/product_brand?post=2370"},{"taxonomy":"product_cat","embeddable":true,"href":"https:\/\/lesbaltringuesdelagrimpe.com\/en\/wp-json\/wp\/v2\/product_cat?post=2370"},{"taxonomy":"product_tag","embeddable":true,"href":"https:\/\/lesbaltringuesdelagrimpe.com\/en\/wp-json\/wp\/v2\/product_tag?post=2370"}],"curies":[{"name":"wp","href":"https:\/\/api.w.org\/{rel}","templated":true}]}}